{"id":90,"date":"2025-01-26T19:04:46","date_gmt":"2025-01-26T18:04:46","guid":{"rendered":"https:\/\/shop.vivelavie.de\/?post_type=product&#038;p=90"},"modified":"2025-01-26T19:04:46","modified_gmt":"2025-01-26T18:04:46","slug":"kristallsalz-aus-pakistan-himalaya","status":"publish","type":"product","link":"https:\/\/shop.vivelavie.de\/?product=kristallsalz-aus-pakistan-himalaya","title":{"rendered":"Kristallsalz aus Pakistan (Himalaya)"},"content":{"rendered":"<p><strong>Erleben Sie die Nat\u00fcrlichkeit des Himalaya Kristallsalzes \u2013 jetzt erh\u00e4ltlich unter \u201eKristall Salz\u201c!<\/strong><\/p>\n<p>Tauchen Sie ein in die Welt des au\u00dfergew\u00f6hnlichen Geschmacks und der gesundheitlichen Vorteile mit unserem hochwertigen Himalaya Kristallsalz, direkt aus den unber\u00fchrten Salzminen Pakistans. Dieses einzigartige Salz ist nicht nur ein Genuss f\u00fcr den Gaumen, sondern auch eine wahre Bereicherung f\u00fcr Ihr Wohlbefinden.<\/p>\n<p><strong>Das Beste aus der Natur:<\/strong><\/p>\n<p>Himalaya Kristallsalz zeichnet sich durch seine wundersch\u00f6ne, zarte rosa Farbe und die Reinheit seiner Mineralien aus. \u00dcber Millionen von Jahren entstanden, wird es in seiner nat\u00fcrlichen Form abgebaut und unterliegt strengen Qualit\u00e4tskontrollen.<\/p>\n<p><strong>Die Vorteile auf einen Blick:<\/strong><\/p>\n<p>&#8211; Reich an Mineralien: Mit \u00fcber 80 Mineralstoffen und Spurenelementen, die f\u00fcr unseren K\u00f6rper essenziell sind, liefert die nat\u00fcrliche Zusammensetzung des Himalaya Salzes wertvolle N\u00e4hrstoffe.<\/p>\n<p>&#8211; Gesunde Mineralstoffbalance: Himalaya Kristallsalz unterst\u00fctzt die Aufrechterhaltung des Elektrolytgleichgewichts und kann somit zur Regulierung des Blutdrucks und zur Verbesserung der allgemeinen Hydration beitragen.<\/p>\n<p>&#8211; Entgiftende Eigenschaften: Durch seine einzigartige Struktur kann das Salz giftige Stoffe binden und zur Entgiftung des K\u00f6rpers beitragen.<\/p>\n<p>&#8211; Optimierung des Geschmacks: Ob zum Kochen, W\u00fcrzen oder f\u00fcr die kreative Zubereitung von Speisen \u2013 unser Kristall Salz verleiht jedem Gericht eine unverwechselbare Geschmackstiefe und eine feine, mineralische Note.<\/p>\n<p>&#8211; Nachhaltiger Genuss: Das Salz wird umweltfreundlich abgebaut und tr\u00e4gt somit zu einem nachhaltigen Konsum bei. Au\u00dferdem wird es ohne chemische Zus\u00e4tze oder k\u00fcnstliche Inhaltsstoffe verarbeitet.<\/p>\n<p><strong>Entdecken Sie das besondere Aroma und die gesundheitlichen Vorz\u00fcge von Himalaya Kristallsalz!<\/strong><\/p>\n<p>Mit \u201eKristall Salz\u201c entscheiden Sie sich f\u00fcr ein Produkt, das die Natur in ihrer reinsten Form widerspiegelt. Bestellen Sie noch heute und bereichern Sie Ihre K\u00fcche und Ihr Leben mit der Kraft der Himalaya Berge. Genie\u00dfen Sie den puren Geschmack und das gute Gef\u00fchl, Ihrer Gesundheit aktiv etwas Gutes zu tun!<\/p>\n","protected":false},"excerpt":{"rendered":"<p>Erleben Sie die Nat\u00fcrlichkeit des Himalaya Kristallsalzes \u2013 jetzt erh\u00e4ltlich unter \u201eKristall Salz\u201c! Tauchen Sie ein in die Welt des au\u00dfergew\u00f6hnlichen Geschmacks und der gesundheitlichen Vorteile mit unserem hochwertigen Himalaya Kristallsalz, direkt aus den unber\u00fchrten Salzminen Pakistans. Dieses einzigartige Salz ist nicht nur ein Genuss f\u00fcr den Gaumen, sondern auch eine wahre Bereicherung f\u00fcr Ihr [&hellip;]<\/p>\n","protected":false},"featured_media":92,"comment_status":"open","ping_status":"closed","template":"","meta":[],"product_brand":[],"product_cat":[46],"product_tag":[],"class_list":{"0":"post-90","1":"product","2":"type-product","3":"status-publish","4":"has-post-thumbnail","6":"product_cat-ernaehrung","8":"first","9":"instock","10":"shipping-taxable","11":"purchasable","12":"product-type-simple"},"_links":{"self":[{"href":"https:\/\/shop.vivelavie.de\/index.php?rest_route=\/wp\/v2\/product\/90","targetHints":{"allow":["GET"]}}],"collection":[{"href":"https:\/\/shop.vivelavie.de\/index.php?rest_route=\/wp\/v2\/product"}],"about":[{"href":"https:\/\/shop.vivelavie.de\/index.php?rest_route=\/wp\/v2\/types\/product"}],"replies":[{"embeddable":true,"href":"https:\/\/shop.vivelavie.de\/index.php?rest_route=%2Fwp%2Fv2%2Fcomments&post=90"}],"version-history":[{"count":1,"href":"https:\/\/shop.vivelavie.de\/index.php?rest_route=\/wp\/v2\/product\/90\/revisions"}],"predecessor-version":[{"id":91,"href":"https:\/\/shop.vivelavie.de\/index.php?rest_route=\/wp\/v2\/product\/90\/revisions\/91"}],"wp:featuredmedia":[{"embeddable":true,"href":"https:\/\/shop.vivelavie.de\/index.php?rest_route=\/wp\/v2\/media\/92"}],"wp:attachment":[{"href":"https:\/\/shop.vivelavie.de\/index.php?rest_route=%2Fwp%2Fv2%2Fmedia&parent=90"}],"wp:term":[{"taxonomy":"product_brand","embeddable":true,"href":"https:\/\/shop.vivelavie.de\/index.php?rest_route=%2Fwp%2Fv2%2Fproduct_brand&post=90"},{"taxonomy":"product_cat","embeddable":true,"href":"https:\/\/shop.vivelavie.de\/index.php?rest_route=%2Fwp%2Fv2%2Fproduct_cat&post=90"},{"taxonomy":"product_tag","embeddable":true,"href":"https:\/\/shop.vivelavie.de\/index.php?rest_route=%2Fwp%2Fv2%2Fproduct_tag&post=90"}],"curies":[{"name":"wp","href":"https:\/\/api.w.org\/{rel}","templated":true}]}}