{"id":14,"date":"2023-06-05T13:47:51","date_gmt":"2023-06-05T11:47:51","guid":{"rendered":"http:\/\/shop.vivelavie.de\/produkt\/v-neck-t-shirt\/"},"modified":"2025-01-27T19:44:53","modified_gmt":"2025-01-27T18:44:53","slug":"kinderwunsch","status":"publish","type":"product","link":"https:\/\/shop.vivelavie.de\/?product=kinderwunsch","title":{"rendered":"Kinderwunsch-Beratung"},"content":{"rendered":"<p>Kinderwunsch Beratung, ist eine \u00e4rztliche Beratung, die dem strickt medizinischen Gesetzen entspricht. Die Beratung dauert\u00a0 1 Stunde. Es werden bisherigen Ma\u00dfnahmen besprochen, sowohl diagnostische als auch therapeutische. Da die Stunde erfahrungsgem\u00e4\u00df schnell vorbei ist, m\u00f6chte ich Sie bitten sich vorab Gedanken machen, was Sie mit mir besprechen m\u00f6chten.<\/p>\n<p><img fetchpriority=\"high\" decoding=\"async\" class=\"alignnone size-medium wp-image-19\" src=\"http:\/\/shop.vivelavie.de\/wp-content\/uploads\/2023\/06\/Kinderwunsch-werbung-ertse-seite-vorschlagBildschirm\u00adfoto-2023-03-18-um-16.01.39-191x300.png\" alt=\"\" width=\"191\" height=\"300\" \/><\/p>\n","protected":false},"excerpt":{"rendered":"<p>\u00c4rztliche Beratung per Telematik<\/p>\n","protected":false},"featured_media":28,"comment_status":"open","ping_status":"closed","template":"","meta":[],"product_brand":[],"product_cat":[44],"product_tag":[],"class_list":{"0":"post-14","1":"product","2":"type-product","3":"status-publish","4":"has-post-thumbnail","6":"product_cat-beratung","8":"first","9":"instock","10":"featured","11":"virtual","12":"purchasable","13":"product-type-simple"},"_links":{"self":[{"href":"https:\/\/shop.vivelavie.de\/index.php?rest_route=\/wp\/v2\/product\/14","targetHints":{"allow":["GET"]}}],"collection":[{"href":"https:\/\/shop.vivelavie.de\/index.php?rest_route=\/wp\/v2\/product"}],"about":[{"href":"https:\/\/shop.vivelavie.de\/index.php?rest_route=\/wp\/v2\/types\/product"}],"replies":[{"embeddable":true,"href":"https:\/\/shop.vivelavie.de\/index.php?rest_route=%2Fwp%2Fv2%2Fcomments&post=14"}],"version-history":[{"count":2,"href":"https:\/\/shop.vivelavie.de\/index.php?rest_route=\/wp\/v2\/product\/14\/revisions"}],"predecessor-version":[{"id":55,"href":"https:\/\/shop.vivelavie.de\/index.php?rest_route=\/wp\/v2\/product\/14\/revisions\/55"}],"wp:featuredmedia":[{"embeddable":true,"href":"https:\/\/shop.vivelavie.de\/index.php?rest_route=\/wp\/v2\/media\/28"}],"wp:attachment":[{"href":"https:\/\/shop.vivelavie.de\/index.php?rest_route=%2Fwp%2Fv2%2Fmedia&parent=14"}],"wp:term":[{"taxonomy":"product_brand","embeddable":true,"href":"https:\/\/shop.vivelavie.de\/index.php?rest_route=%2Fwp%2Fv2%2Fproduct_brand&post=14"},{"taxonomy":"product_cat","embeddable":true,"href":"https:\/\/shop.vivelavie.de\/index.php?rest_route=%2Fwp%2Fv2%2Fproduct_cat&post=14"},{"taxonomy":"product_tag","embeddable":true,"href":"https:\/\/shop.vivelavie.de\/index.php?rest_route=%2Fwp%2Fv2%2Fproduct_tag&post=14"}],"curies":[{"name":"wp","href":"https:\/\/api.w.org\/{rel}","templated":true}]}}