{"id":41,"date":"2023-06-08T18:12:40","date_gmt":"2023-06-08T16:12:40","guid":{"rendered":"https:\/\/shop.vivelavie.de\/?page_id=41"},"modified":"2023-06-09T00:14:10","modified_gmt":"2023-06-08T22:14:10","slug":"agb","status":"publish","type":"page","link":"https:\/\/shop.vivelavie.de\/?page_id=41","title":{"rendered":"AGB"},"content":{"rendered":"<p><strong>Allgemeine Gesch\u00e4ftsbedingungen dieses Online-Shops<\/strong><\/p><p><strong>Geltungsbereich&nbsp;<\/strong><\/p><p>F\u00fcr alle Lieferungen der unseren Produkten an Verbraucher gelten diese Allgemeinen Gesch\u00e4ftsbedingungen (AGB).\u00a0<\/p><p>Verbraucher ist jede nat\u00fcrliche Person, die ein Rechtsgesch\u00e4ft zu einem Zwecke abschlie\u00dft, der \u00fcberwiegend weder ihrer gewerblichen noch ihrer selbstst\u00e4ndigen beruflichen T\u00e4tigkeit zugerechnet werden kann.&nbsp;<\/p><p><strong>Vertragspartner&nbsp;<\/strong><\/p><p>Der Kaufvertrag kommt zustande mit Herrn Hieronim Glowacki \u2013 Frauenarzt, Weidenkamp 2, 23758 Oldenburg i.H.<\/p><p><strong>Vertragsschluss&nbsp;<\/strong><\/p><p>Die Darstellung der Produkte im Online-Shop stellt kein rechtlich bindendes Angebot, sondern nur eine Aufforderung zur Bestellung dar.&nbsp;<\/p><p>Durch Anklicken des Buttons [Kaufen\/kostenpflichtig bestellen] geben Sie eine verbindliche Bestellung der auf der Bestellseite aufgelisteten Waren ab. Ihr Kaufvertrag kommt zustande, wenn wir Ihre Bestellung durch eine Auftragsbest\u00e4tigung per E-Mail unmittelbar nach dem Erhalt Ihrer Bestellung annehmen.&nbsp;<\/p><p><strong>Widerrufsrecht<\/strong><\/p><p>Wenn Sie Verbraucher sind (also eine nat\u00fcrliche Person, die die Bestellung zu einem Zweck abgibt, der weder Ihrer gewerblichen oder selbst\u00e4ndigen beruflichen T\u00e4tigkeit zugerechnet werden kann), steht Ihnen nach Ma\u00dfgabe der gesetzlichen Bestimmungen ein Widerrufsrecht zu. Machen Sie als Verbraucher von Ihrem Widerrufsrecht Gebrauch, so haben Sie die regelm\u00e4\u00dfigen Kosten der R\u00fccksendung zu tragen. Im \u00dcbrigen gelten f\u00fcr das Widerrufsrecht die Regelungen, die in der Wiederrufsbelehrung angegeben sind.<\/p>","protected":false},"excerpt":{"rendered":"<p>Allgemeine Gesch\u00e4ftsbedingungen dieses Online-Shops Geltungsbereich&nbsp; F\u00fcr alle Lieferungen der unseren Produkten an Verbraucher gelten diese Allgemeinen Gesch\u00e4ftsbedingungen (AGB).\u00a0 Verbraucher ist jede nat\u00fcrliche Person, die ein Rechtsgesch\u00e4ft zu einem Zwecke abschlie\u00dft, der \u00fcberwiegend weder ihrer gewerblichen noch ihrer selbstst\u00e4ndigen beruflichen T\u00e4tigkeit zugerechnet werden kann.&nbsp; Vertragspartner&nbsp; Der Kaufvertrag kommt zustande mit Herrn Hieronim Glowacki \u2013 Frauenarzt, Weidenkamp [&hellip;]<\/p>\n","protected":false},"author":1,"featured_media":0,"parent":0,"menu_order":0,"comment_status":"closed","ping_status":"closed","template":"","meta":{"footnotes":""},"class_list":["post-41","page","type-page","status-publish","hentry"],"_links":{"self":[{"href":"https:\/\/shop.vivelavie.de\/index.php?rest_route=\/wp\/v2\/pages\/41","targetHints":{"allow":["GET"]}}],"collection":[{"href":"https:\/\/shop.vivelavie.de\/index.php?rest_route=\/wp\/v2\/pages"}],"about":[{"href":"https:\/\/shop.vivelavie.de\/index.php?rest_route=\/wp\/v2\/types\/page"}],"author":[{"embeddable":true,"href":"https:\/\/shop.vivelavie.de\/index.php?rest_route=\/wp\/v2\/users\/1"}],"replies":[{"embeddable":true,"href":"https:\/\/shop.vivelavie.de\/index.php?rest_route=%2Fwp%2Fv2%2Fcomments&post=41"}],"version-history":[{"count":1,"href":"https:\/\/shop.vivelavie.de\/index.php?rest_route=\/wp\/v2\/pages\/41\/revisions"}],"predecessor-version":[{"id":53,"href":"https:\/\/shop.vivelavie.de\/index.php?rest_route=\/wp\/v2\/pages\/41\/revisions\/53"}],"wp:attachment":[{"href":"https:\/\/shop.vivelavie.de\/index.php?rest_route=%2Fwp%2Fv2%2Fmedia&parent=41"}],"curies":[{"name":"wp","href":"https:\/\/api.w.org\/{rel}","templated":true}]}}