{"id":39,"date":"2023-06-08T18:12:40","date_gmt":"2023-06-08T16:12:40","guid":{"rendered":"https:\/\/shop.vivelavie.de\/?page_id=39"},"modified":"2023-06-08T23:18:49","modified_gmt":"2023-06-08T21:18:49","slug":"impressum","status":"publish","type":"page","link":"https:\/\/shop.vivelavie.de\/?page_id=39","title":{"rendered":"Impressum"},"content":{"rendered":"<div class=\"wp-block-group has-global-padding is-layout-constrained\">\n<h1 class=\"wp-block-post-title\">Impressum<\/h1>\n<\/div>\n<div class=\"entry-content wp-block-post-content has-global-padding is-layout-constrained\">\n<p>Hieronim Glowacki \u2013 Arzt<br \/>\nNaturheilverfahren,<br \/>\nZertifizierter Arzt f\u00fcr Anti-Aging<br \/>\nFacharzt f\u00fcr Frauenheilkunde und Geburtshilfe<br \/>\nAmbulantes Operieren<br \/>\nWeidenkamp 2<\/p>\n<p>23758 Oldenburg in Holstein<br \/>\nTel.: +49 (0) 4361 52255<br \/>\npraxis@glowacki.de<\/p>\n<p>Berufsordnung f\u00fcr \u00c4rzte<br \/>\nZust\u00e4ndige \u00c4rztekammer Schleswig-Holstein<br \/>\nBismarckallee 8-12<br \/>\n23795 Bad Segeberg<\/p>\n<p>Kassen\u00e4rztlicher Vereinigung Schleswig-Holstein<br \/>\nBismarckallee 1-6<br \/>\n23795 Bad Segeberg<\/p>\n<p>Gesetzliche Berufsbezeichnung\u00a0 \u2013 Arzt \u2013 Posen\/Polen 1971<br \/>\nFacharzt f\u00fcr Frauenheilkunde und Geburtshilfe \u2013<br \/>\nPr\u00fcfung vor der \u00c4rztekammer<br \/>\n1975 \u2013 Posen\/Polen und 1985 \u2013 Freiburg\/Baden-W\u00fcrttemberg<\/p>\n<p><strong>Keine Abmahnung ohne vorherigen Kontakt!<\/strong><br \/>\nSollte irgendwelcher Inhalt oder die designtechnische Gestaltung einzelner Seiten oder Teile dieses Onlineportals fremde Rechte, Dritter oder gesetzliche Bestimmungen verletzen oder anderweitig in irgendeiner Form wettbewerbsrechtliche Probleme hervorbringen, so bitten wir unter Berufung auf \u00a7 8 Abs. 4 UWG, um eine angemessene, ausreichend erl\u00e4uternde und schnelle Nachricht ohne Kostennote.<br \/>\nWir garantieren, dass die zu Recht beanstandeten Passagen oder Teile dieser Webseiten in angemessener Frist entfernt bzw. den rechtlichen Vorgaben umf\u00e4nglich angepasst werden, ohne dass von Ihrer Seite die Einschaltung eines Rechtsbeistandes erforderlich ist.\u00a0<strong>Datenschutzerkl\u00e4rung,\u00a0<\/strong>der Schutz Ihrer personenbezogenen Daten bei der Erhebung, Verarbeitung und Nutzung anl\u00e4sslich Ihres Besuchs auf unserer Homepage ist uns ein wichtiges Anliegen. Ihre Daten werden im Rahmen der gesetzlichen Vorschriften gesch\u00fctzt. Nachfolgend finden Sie Informationen, welche Daten w\u00e4hrend Ihres Besuchs auf der Homepage erfasst und wie diese genutzt werden.<\/p>\n<p><strong>1. Erhebung und Verarbeitung von Daten<\/strong>\u00a0Diese Website benutzt Google Analytics, einen Webanalysedienst der Google Inc. (\u201eGoogle\u201c). Google Analytics verwendet sog. \u201eCookies\u201c, Textdateien, die auf Ihrem Computer gespeichert werden und die eine Analyse der Benutzung der Website durch Sie erm\u00f6glichen. Die durch den Cookie erzeugten Informationen \u00fcber Ihre Benutzung dieser Website (einschlie\u00dflich Ihrer IP-Adresse) wird an einen Server von Google in den USA \u00fcbertragen und dort gespeichert. Google wird diese Informationen benutzen, um Ihre Nutzung der Website auszuwerten, um Reports \u00fcber die Websiteaktivit\u00e4ten f\u00fcr die Websitebetreiber zusammenzustellen und um weitere mit der Websitenutzung und der Internetnutzung verbundene Dienstleistungen zu erbringen. Auch wird Google diese Informationen gegebenenfalls an Dritte \u00fcbertragen, sofern dies gesetzlich vorgeschrieben oder soweit Dritte diese Daten im Auftrag von Google verarbeiten. Google wird in keinem Fall Ihre IP-Adresse mit anderen Daten von Google in Verbindung bringen. Sie k\u00f6nnen die Installation der Cookies durch eine entsprechende Einstellung Ihrer Browser Software verhindern; wir weisen Sie jedoch darauf hin, dass Sie in diesem Fall gegebenenfalls nicht s\u00e4mtliche Funktionen dieser Website vollumf\u00e4nglich nutzen k\u00f6nnen. Durch die Nutzung dieser Website erkl\u00e4ren Sie sich mit der Bearbeitung der \u00fcber Sie erhobenen Daten durch Google in der zuvor beschriebenen Art und Weise und zu dem zuvor benannten Zweck einverstanden.<\/p>\n<p><strong>2. Nutzung und Weitergabe personenbezogener Daten,<\/strong>\u00a0soweit Sie uns personenbezogene Daten zur Verf\u00fcgung gestellt haben, verwenden wir diese nur zur Beantwortung Ihrer Anfragen, zur Abwicklung mit Ihnen geschlossener Vertr\u00e4ge und f\u00fcr die technische Administration. Ihre personenbezogenen Daten werden an Dritte nur weitergegeben oder sonst \u00fcbermittelt, wenn dies zum Zwecke der Vertragsabwicklung, insbesondere Weitergabe von Bestelldaten an Lieferanten erforderlich ist, dies zu Abrechnungszwecken erforderlich ist oder Sie zuvor eingewilligt haben. Sie haben das Recht, eine erteilte Einwilligung mit Wirkung f\u00fcr die Zukunft jederzeit zu widerrufen. Die L\u00f6schung der gespeicherten personenbezogenen Daten erfolgt, wenn Sie Ihre Einwilligung zur Speicherung widerrufen, wenn ihre Kenntnis zur Erf\u00fcllung des mit der Speicherung verfolgten Zwecks nicht mehr erforderlich ist oder wenn ihre Speicherung aus sonstigen gesetzlichen Gr\u00fcnden unzul\u00e4ssig ist.<\/p>\n<p><strong>3. Auskunftsrecht auf<\/strong>\u00a0schriftliche Anfrage werden wir Sie gern \u00fcber die zu Ihrer Person gespeicherten Daten informieren.<br \/>\nSicherheitshinweis:\u00a0<strong>Wir sind bem\u00fcht, Ihre personenbezogenen Daten durch Ergreifung aller technischen und organisatorischen M\u00f6glichkeiten so zu speichern, dass sie f\u00fcr Dritte nicht zug\u00e4nglich sind. Bei der Kommunikation per E-Mail kann die vollst\u00e4ndige Datensicherheit von uns nicht gew\u00e4hrleistet werden, sodass wir Ihnen bei vertraulichen Informationen den Postweg empfehlen. Urheberrecht: Der Inhalt dieser Website ist urheberrechtlich gesch\u00fctzt.<\/strong><\/p>\n<\/div>\n<div class=\"woocommerce woocommerce-gzd woocommerce-gzd-complaints-shortcode\">\n\t\t\t<h3>Alternative Streitbeilegung gem\u00e4\u00df Art. 14 Abs. 1 ODR-VO und \u00a7 36 VSBG:<\/h3>\n\t\n<p>Die Europ\u00e4ische Kommission stellt eine Plattform zur Online-Streitbeilegung (OS) bereit, die du unter <a href=\"https:\/\/ec.europa.eu\/consumers\/odr\" target=\"_blank\">https:\/\/ec.europa.eu\/consumers\/odr<\/a> findest. Zur Teilnahme an einem Streitbeilegungsverfahren vor einer Verbraucherschlichtungsstelle sind wir nicht verpflichtet und nicht bereit.<\/p>\n<\/div>\n","protected":false},"excerpt":{"rendered":"<p>Impressum Hieronim Glowacki \u2013 Arzt Naturheilverfahren, Zertifizierter Arzt f\u00fcr Anti-Aging Facharzt f\u00fcr Frauenheilkunde und Geburtshilfe Ambulantes Operieren Weidenkamp 2 23758 Oldenburg in Holstein Tel.: +49 (0) 4361 52255 praxis@glowacki.de Berufsordnung f\u00fcr \u00c4rzte Zust\u00e4ndige \u00c4rztekammer Schleswig-Holstein Bismarckallee 8-12 23795 Bad Segeberg Kassen\u00e4rztlicher Vereinigung Schleswig-Holstein Bismarckallee 1-6 23795 Bad Segeberg Gesetzliche Berufsbezeichnung\u00a0 \u2013 Arzt \u2013 Posen\/Polen 1971 [&hellip;]<\/p>\n","protected":false},"author":1,"featured_media":0,"parent":0,"menu_order":0,"comment_status":"closed","ping_status":"closed","template":"","meta":{"footnotes":""},"class_list":["post-39","page","type-page","status-publish","hentry"],"_links":{"self":[{"href":"https:\/\/shop.vivelavie.de\/index.php?rest_route=\/wp\/v2\/pages\/39","targetHints":{"allow":["GET"]}}],"collection":[{"href":"https:\/\/shop.vivelavie.de\/index.php?rest_route=\/wp\/v2\/pages"}],"about":[{"href":"https:\/\/shop.vivelavie.de\/index.php?rest_route=\/wp\/v2\/types\/page"}],"author":[{"embeddable":true,"href":"https:\/\/shop.vivelavie.de\/index.php?rest_route=\/wp\/v2\/users\/1"}],"replies":[{"embeddable":true,"href":"https:\/\/shop.vivelavie.de\/index.php?rest_route=%2Fwp%2Fv2%2Fcomments&post=39"}],"version-history":[{"count":2,"href":"https:\/\/shop.vivelavie.de\/index.php?rest_route=\/wp\/v2\/pages\/39\/revisions"}],"predecessor-version":[{"id":50,"href":"https:\/\/shop.vivelavie.de\/index.php?rest_route=\/wp\/v2\/pages\/39\/revisions\/50"}],"wp:attachment":[{"href":"https:\/\/shop.vivelavie.de\/index.php?rest_route=%2Fwp%2Fv2%2Fmedia&parent=39"}],"curies":[{"name":"wp","href":"https:\/\/api.w.org\/{rel}","templated":true}]}}